{"id":30,"date":"2025-01-20T20:16:06","date_gmt":"2025-01-20T20:16:06","guid":{"rendered":"https:\/\/3-pl.com.mx\/blog\/?page_id=30"},"modified":"2025-01-21T16:49:54","modified_gmt":"2025-01-21T16:49:54","slug":"blog-de-safe-storage","status":"publish","type":"page","link":"https:\/\/3-pl.com.mx\/blog\/","title":{"rendered":"Blog de Safe Storage"},"content":{"rendered":"<p>[et_pb_section fb_built=\u00bb1&#8243; admin_label=\u00bbHeader\u00bb _builder_version=\u00bb4.25.0&#8243; _module_preset=\u00bbdefault\u00bb background_color=\u00bbrgba(0,0,0,0.86)\u00bb use_background_color_gradient=\u00bbon\u00bb background_color_gradient_stops=\u00bbrgba(0,0,0,0.43) 0%|rgba(0,0,0,0.53) 100%\u00bb background_image=\u00bbhttps:\/\/3-pl.com.mx\/blog\/wp-content\/uploads\/2025\/01\/slide-1.jpg\u00bb background_blend=\u00bbmultiply\u00bb collapsed=\u00bbon\u00bb global_colors_info=\u00bb{}\u00bb][et_pb_row _builder_version=\u00bb4.23.2&#8243; _module_preset=\u00bbdefault\u00bb global_colors_info=\u00bb{}\u00bb][et_pb_column type=\u00bb4_4&#8243; _builder_version=\u00bb4.23.2&#8243; _module_preset=\u00bbdefault\u00bb global_colors_info=\u00bb{}\u00bb][et_pb_text _builder_version=\u00bb4.25.0&#8243; _module_preset=\u00bba09afca1-e45b-4d3e-82e5-d025079c6bf1&#8243; header_4_text_color=\u00bb#FFFFFF\u00bb text_orientation=\u00bbcenter\u00bb hover_enabled=\u00bb0&#8243; global_colors_info=\u00bb{}\u00bb text_text_color=\u00bb#FFFFFF\u00bb header_text_color=\u00bb#FFFFFF\u00bb header_4_font=\u00bbCabin Condensed|700||on|||||\u00bb sticky_enabled=\u00bb0&#8243; header_4_font_size=\u00bb19px\u00bb]<\/p>\n<h4>Blog<\/h4>\n<p>[\/et_pb_text][et_pb_text _builder_version=\u00bb4.25.0&#8243; _module_preset=\u00bb4ed22496-d119-4e1e-8e27-bfa9201e8d27&#8243; text_text_color=\u00bb#FFFFFF\u00bb header_text_color=\u00bb#FFFFFF\u00bb header_font_size=\u00bb41px\u00bb text_orientation=\u00bbcenter\u00bb header_text_shadow_style=\u00bbpreset1&#8243; header_text_shadow_color=\u00bb#FFFFFF\u00bb inline_fonts=\u00bbNunito Sans\u00bb global_colors_info=\u00bb{}\u00bb]<\/p>\n<h2 style=\"color: #fff; font-size: 40px; font-weight: bold\">3PL, mientras vendes m\u00e1s, nosotros optimizamos tu log\u00edstica<\/h2>\n<p>[\/et_pb_text][\/et_pb_column][\/et_pb_row][et_pb_row column_structure=\u00bb1_2,1_2&#8243; _builder_version=\u00bb4.25.0&#8243; _module_preset=\u00bbdefault\u00bb global_colors_info=\u00bb{}\u00bb][et_pb_column type=\u00bb1_2&#8243; _builder_version=\u00bb4.25.0&#8243; _module_preset=\u00bbdefault\u00bb global_colors_info=\u00bb{}\u00bb][et_pb_button button_url=\u00bbhttps:\/\/3-pl.com.mx\/contacto.php\u00bb button_text=\u00bbConsulta aqu\u00ed\u00bb button_alignment=\u00bbright\u00bb _builder_version=\u00bb4.25.0&#8243; _module_preset=\u00bbdefault\u00bb custom_button=\u00bbon\u00bb button_text_color=\u00bb#FFFFFF\u00bb button_bg_color=\u00bbRGBA(255,255,255,0)\u00bb button_border_color=\u00bb#F9AC0D\u00bb button_border_radius=\u00bb34px\u00bb global_colors_info=\u00bb{}\u00bb][\/et_pb_button][\/et_pb_column][et_pb_column type=\u00bb1_2&#8243; _builder_version=\u00bb4.25.0&#8243; _module_preset=\u00bbdefault\u00bb global_colors_info=\u00bb{}\u00bb][et_pb_button button_url=\u00bbmailto:ventas@3-pl.com.mx\u00bb button_text=\u00bbventas@3-pl.com.mx\u00bb button_alignment=\u00bbleft\u00bb _builder_version=\u00bb4.25.0&#8243; _module_preset=\u00bbdefault\u00bb custom_button=\u00bbon\u00bb button_text_color=\u00bb#FFFFFF\u00bb button_bg_color=\u00bbRGBA(255,255,255,0)\u00bb button_border_color=\u00bb#F9AC0D\u00bb button_border_radius=\u00bb34px\u00bb global_colors_info=\u00bb{}\u00bb][\/et_pb_button][\/et_pb_column][\/et_pb_row][\/et_pb_section][et_pb_section fb_built=\u00bb1&#8243; admin_label=\u00bbBlog\u00bb _builder_version=\u00bb4.23.2&#8243; _module_preset=\u00bbdefault\u00bb collapsed=\u00bbon\u00bb global_colors_info=\u00bb{}\u00bb][et_pb_row _builder_version=\u00bb4.23.2&#8243; _module_preset=\u00bbdefault\u00bb global_colors_info=\u00bb{}\u00bb][et_pb_column type=\u00bb4_4&#8243; _builder_version=\u00bb4.23.2&#8243; _module_preset=\u00bbdefault\u00bb global_colors_info=\u00bb{}\u00bb][et_pb_blog fullwidth=\u00bboff\u00bb posts_number=\u00bb6&#8243; include_categories=\u00bball\u00bb show_more=\u00bbon\u00bb show_author=\u00bboff\u00bb _builder_version=\u00bb4.25.0&#8243; _module_preset=\u00bbdefault\u00bb header_font=\u00bbBe Vietnam Pro|700|||||||\u00bb header_text_color=\u00bbgcid-d15821fb-ca65-4f29-bfd5-ea044f046af4&#8243; header_font_size=\u00bb18px\u00bb header_line_height=\u00bb1.4em\u00bb body_font=\u00bbBe Vietnam Pro||||||||\u00bb body_text_color=\u00bbgcid-d15821fb-ca65-4f29-bfd5-ea044f046af4&#8243; body_line_height=\u00bb1.8em\u00bb meta_font=\u00bbBarlow|600|||||||\u00bb meta_text_color=\u00bbgcid-d15821fb-ca65-4f29-bfd5-ea044f046af4&#8243; meta_font_size=\u00bb14px\u00bb read_more_font=\u00bbBarlow|700||on|||||\u00bb read_more_text_color=\u00bb#F47F12&#8243; read_more_letter_spacing=\u00bb1px\u00bb read_more_line_height=\u00bb1.4em\u00bb pagination_font=\u00bbBarlow|600|||||||\u00bb pagination_text_color=\u00bbgcid-867350b7-392a-40e2-89b3-a1ca20a75c7d\u00bb pagination_font_size=\u00bb20px\u00bb hover_enabled=\u00bb0&#8243; header_font_size_tablet=\u00bb16px\u00bb header_font_size_phone=\u00bb15px\u00bb header_font_size_last_edited=\u00bbon|desktop\u00bb pagination_font_size_tablet=\u00bb16px\u00bb pagination_font_size_phone=\u00bb14px\u00bb pagination_font_size_last_edited=\u00bbon|desktop\u00bb border_width_all=\u00bb0px\u00bb locked=\u00bboff\u00bb global_colors_info=\u00bb{%22gcid-d15821fb-ca65-4f29-bfd5-ea044f046af4%22:%91%22header_text_color%22,%22body_text_color%22,%22meta_text_color%22%93,%22gcid-867350b7-392a-40e2-89b3-a1ca20a75c7d%22:%91%22pagination_text_color%22%93}\u00bb header_4_font_size_tablet=\u00bb16px\u00bb header_4_font_size_phone=\u00bb15px\u00bb header_4_font_size_last_edited=\u00bbon|desktop\u00bb sticky_enabled=\u00bb0&#8243;][\/et_pb_blog][\/et_pb_column][\/et_pb_row][\/et_pb_section][et_pb_section fb_built=\u00bb1&#8243; fullwidth=\u00bbon\u00bb _builder_version=\u00bb4.25.0&#8243; _module_preset=\u00bbdefault\u00bb global_colors_info=\u00bb{}\u00bb][et_pb_fullwidth_header button_one_text=\u00bbCont\u00e1ctanos ahora\u00bb button_one_url=\u00bbhttps:\/\/3-pl.com.mx\/contacto.php\u00bb _builder_version=\u00bb4.25.0&#8243; _module_preset=\u00bbdefault\u00bb content_font_size=\u00bb24px\u00bb content_line_height=\u00bb1.7em\u00bb use_background_color_gradient=\u00bbon\u00bb background_color_gradient_type=\u00bbelliptical\u00bb background_color_gradient_stops=\u00bbrgba(0,70,136,0.66) 0%|rgba(0,70,136,0.27) 100%\u00bb background_color_gradient_overlays_image=\u00bbon\u00bb background_image=\u00bbhttps:\/\/3-pl.com.mx\/blog\/wp-content\/uploads\/2025\/01\/supply-chain-management-ensures-efficient-operations.jpg\u00bb parallax=\u00bbon\u00bb parallax_method=\u00bbon\u00bb custom_button_one=\u00bbon\u00bb button_one_text_color=\u00bb#FFFFFF\u00bb button_one_bg_color=\u00bbRGBA(255,255,255,0)\u00bb button_one_border_color=\u00bb#F9AC0D\u00bb button_one_border_radius=\u00bb30px\u00bb button_one_letter_spacing=\u00bb1px\u00bb global_colors_info=\u00bb{}\u00bb]<\/p>\n<p>Ahorra costos operativos y aumenta la eficiencia de tus operaciones log\u00edsticas de la manera m\u00e1s sencilla con nuestros servicios 3PL<\/p>\n<p>[\/et_pb_fullwidth_header][\/et_pb_section][et_pb_section fb_built=\u00bb1&#8243; admin_label=\u00bbFooter\u00bb _builder_version=\u00bb4.25.0&#8243; _module_preset=\u00bbdefault\u00bb background_color=\u00bb#1595D4&#8243; custom_margin=\u00bb0px||||false|false\u00bb custom_padding=\u00bb1px||0px||false|false\u00bb top_divider_height=\u00bb75px\u00bb saved_tabs=\u00bball\u00bb collapsed=\u00bbon\u00bb global_colors_info=\u00bb{}\u00bb][et_pb_row _builder_version=\u00bb4.25.0&#8243; _module_preset=\u00bbdefault\u00bb global_colors_info=\u00bb{}\u00bb][et_pb_column type=\u00bb4_4&#8243; _builder_version=\u00bb4.23.2&#8243; _module_preset=\u00bbdefault\u00bb global_colors_info=\u00bb{}\u00bb][et_pb_text _builder_version=\u00bb4.25.0&#8243; _module_preset=\u00bbf390e688-3e5a-4eb7-82b7-73f2fd818957&#8243; text_font=\u00bbCabin Condensed||||||||\u00bb text_text_color=\u00bb#FFFFFF\u00bb text_font_size=\u00bb19px\u00bb header_3_text_color=\u00bb#FFFFFF\u00bb custom_margin=\u00bb||10px||false|false\u00bb custom_css_free_form=\u00bba{color:#F9AC0D; }\u00bb global_colors_info=\u00bb{}\u00bb]<\/p>\n<p style=\"text-align: center;\">En Safe Storage te ofrecemos soluciones integrales en servicios <a href=\"https:\/\/3-pl.com.mx\/index.php\">3PL<\/a>, tambi\u00e9n conocidos como <a href=\"https:\/\/3-pl.com.mx\/3-pl-logistic.php\">3PL logistic<\/a> o <a href=\"https:\/\/3-pl.com.mx\/logistica-terciarizada.php\">log\u00edstica tercerizada<\/a>, que incluye estrategias personalizadas de <a href=\"https:\/\/3-pl.com.mx\/almacenamiento-de-bodegas.php\">almacenamiento de bodegas<\/a>, picking, packing y transporte, entre otras tareas de la cadena de suministro. Solo llena el <a href=\"https:\/\/3-pl.com.mx\/contacto.php\">formulario<\/a>.<\/p>\n<p style=\"text-align: center;\"><strong>P\u00c1GINAS RELACIONADAS<\/strong><br \/>Tambi\u00e9n te pueden interesar estos servicios: <a href=\"https:\/\/digitalizacion-de-documentos.com.mx\/\">digitalizacion-de-documentos.com.mx<\/a> \/ <a href=\"https:\/\/destrucciondearchivomuerto.com\/\">destrucciondearchivomuerto.com<\/a> \/ <a href=\"https:\/\/almacenamientodearchivo.com\/\">almacenamientodearchivo.com<\/a><\/p>\n<p>[\/et_pb_text][et_pb_button button_url=\u00bbmailto:ventas@3-pl.com.mx\u00bb button_text=\u00bbventas@3-pl.com.mx\u00bb button_alignment=\u00bbcenter\u00bb _builder_version=\u00bb4.25.0&#8243; _module_preset=\u00bbdefault\u00bb custom_button=\u00bbon\u00bb button_text_color=\u00bb#FFFFFF\u00bb button_bg_color=\u00bb#04498A\u00bb button_border_width=\u00bb0px\u00bb button_border_color=\u00bbRGBA(255,255,255,0)\u00bb button_border_radius=\u00bb16px\u00bb custom_margin=\u00bb30px||||false|false\u00bb global_colors_info=\u00bb{}\u00bb][\/et_pb_button][\/et_pb_column][\/et_pb_row][\/et_pb_section]<\/p>\n","protected":false},"excerpt":{"rendered":"<p>Blog3PL, mientras vendes m\u00e1s, nosotros optimizamos tu log\u00edsticaAhorra costos operativos y aumenta la eficiencia de tus operaciones log\u00edsticas de la manera m\u00e1s sencilla con nuestros servicios 3PLEn Safe Storage te ofrecemos soluciones integrales en servicios 3PL, tambi\u00e9n conocidos como 3PL logistic o log\u00edstica tercerizada, que incluye estrategias personalizadas de almacenamiento de bodegas, picking, packing y [&hellip;]<\/p>\n","protected":false},"author":1,"featured_media":0,"parent":0,"menu_order":0,"comment_status":"closed","ping_status":"closed","template":"","meta":{"_et_pb_use_builder":"on","_et_pb_old_content":"","_et_gb_content_width":"","om_disable_all_campaigns":false,"_monsterinsights_skip_tracking":false,"_monsterinsights_sitenote_active":false,"_monsterinsights_sitenote_note":"","_monsterinsights_sitenote_category":0,"footnotes":""},"class_list":["post-30","page","type-page","status-publish","hentry"],"aioseo_notices":[],"_links":{"self":[{"href":"https:\/\/3-pl.com.mx\/blog\/wp-json\/wp\/v2\/pages\/30","targetHints":{"allow":["GET"]}}],"collection":[{"href":"https:\/\/3-pl.com.mx\/blog\/wp-json\/wp\/v2\/pages"}],"about":[{"href":"https:\/\/3-pl.com.mx\/blog\/wp-json\/wp\/v2\/types\/page"}],"author":[{"embeddable":true,"href":"https:\/\/3-pl.com.mx\/blog\/wp-json\/wp\/v2\/users\/1"}],"replies":[{"embeddable":true,"href":"https:\/\/3-pl.com.mx\/blog\/wp-json\/wp\/v2\/comments?post=30"}],"version-history":[{"count":8,"href":"https:\/\/3-pl.com.mx\/blog\/wp-json\/wp\/v2\/pages\/30\/revisions"}],"predecessor-version":[{"id":93,"href":"https:\/\/3-pl.com.mx\/blog\/wp-json\/wp\/v2\/pages\/30\/revisions\/93"}],"wp:attachment":[{"href":"https:\/\/3-pl.com.mx\/blog\/wp-json\/wp\/v2\/media?parent=30"}],"curies":[{"name":"wp","href":"https:\/\/api.w.org\/{rel}","templated":true}]}}